{"id":167,"date":"2025-06-30T10:56:32","date_gmt":"2025-06-30T08:56:32","guid":{"rendered":"https:\/\/3ddesigndiffusion.fr\/?page_id=167"},"modified":"2025-07-13T23:23:12","modified_gmt":"2025-07-13T21:23:12","slug":"contactez-3d-design","status":"publish","type":"page","link":"https:\/\/3ddesigndiffusion.fr\/index.php\/contactez-3d-design\/","title":{"rendered":"CONTACTEZ 3D DESIGN &#8211; AGENT DE MARQUES"},"content":{"rendered":"\n<p>Contactez 3D Design pour recevoir la documentation ou \u00e9changer sur un projet d&rsquo;am\u00e9nagement ? Une question sur l&rsquo;un de nos fabricants.<\/p>\n\n\n\n<p>3D Design accompagne les distributeurs et prescripteurs dans le choix de mobilier professionnel sur mesure et durable, adapt\u00e9 aux exigences du contract.<\/p>\n\n\n\n<p>L&rsquo;agence est bas\u00e9e \u00e0 Toulouse et intervient aupr\u00e8s des professionnels partout en France.<\/p>\n\n\n\n<p>Remplissez le formulaire ci-dessous ou contactez 3D Design directement par t\u00e9l\u00e9phone ou email.<\/p>\n\n\n\n<h2 class=\"wp-block-heading\">Contactez 3D Design <\/h2>\n\n\n<div class=\"wpforms-container wpforms-container-full wpforms-block wpforms-block-e7b15053-a36e-4701-aa47-3f32aa9bdd56 wpforms-render-modern\" id=\"wpforms-172\"><form id=\"wpforms-form-172\" class=\"wpforms-validate wpforms-form wpforms-ajax-form\" data-formid=\"172\" method=\"post\" enctype=\"multipart\/form-data\" action=\"\/index.php\/wp-json\/wp\/v2\/pages\/167\" data-token=\"e9c91fd4ed18b8c69ad16084e0a46543\" data-token-time=\"1775344818\"><noscript class=\"wpforms-error-noscript\">Veuillez activer JavaScript dans votre navigateur pour remplir ce formulaire.<\/noscript><div id=\"wpforms-error-noscript\" style=\"display: none;\">Veuillez activer JavaScript dans votre navigateur pour remplir ce formulaire.<\/div><div class=\"wpforms-field-container\">\t\t<div id=\"wpforms-172-field_4-container\"\n\t\t\tclass=\"wpforms-field wpforms-field-text\"\n\t\t\tdata-field-type=\"text\"\n\t\t\tdata-field-id=\"4\"\n\t\t\t>\n\t\t\t<label class=\"wpforms-field-label\" for=\"wpforms-172-field_4\" >message Commentaire Nom<\/label>\n\t\t\t<input type=\"text\" id=\"wpforms-172-field_4\" class=\"wpforms-field-medium\" name=\"wpforms[fields][4]\" >\n\t\t<\/div>\n\t\t<div id=\"wpforms-172-field_1-container\" class=\"wpforms-field wpforms-field-name\" data-field-id=\"1\"><fieldset><legend class=\"wpforms-field-label\">Nom <span class=\"wpforms-required-label\" aria-hidden=\"true\">*<\/span><\/legend><div class=\"wpforms-field-row wpforms-field-medium\"><div class=\"wpforms-field-row-block wpforms-first wpforms-one-half\"><input type=\"text\" id=\"wpforms-172-field_1\" class=\"wpforms-field-name-first wpforms-field-required\" name=\"wpforms[fields][1][first]\" aria-errormessage=\"wpforms-172-field_1-error\" required><label for=\"wpforms-172-field_1\" class=\"wpforms-field-sublabel after\">Pr\u00e9nom<\/label><\/div><div class=\"wpforms-field-row-block wpforms-one-half\"><input type=\"text\" id=\"wpforms-172-field_1-last\" class=\"wpforms-field-name-last wpforms-field-required\" name=\"wpforms[fields][1][last]\" aria-errormessage=\"wpforms-172-field_1-last-error\" required><label for=\"wpforms-172-field_1-last\" class=\"wpforms-field-sublabel after\">Nom<\/label><\/div><\/div><\/fieldset><\/div><div id=\"wpforms-172-field_2-container\" class=\"wpforms-field wpforms-field-email\" data-field-id=\"2\"><label class=\"wpforms-field-label\" for=\"wpforms-172-field_2\">E-mail <span class=\"wpforms-required-label\" aria-hidden=\"true\">*<\/span><\/label><input type=\"email\" id=\"wpforms-172-field_2\" class=\"wpforms-field-medium wpforms-field-required\" name=\"wpforms[fields][2]\" spellcheck=\"false\" aria-errormessage=\"wpforms-172-field_2-error\" required><\/div><div id=\"wpforms-172-field_3-container\" class=\"wpforms-field wpforms-field-textarea\" data-field-id=\"3\"><label class=\"wpforms-field-label\" for=\"wpforms-172-field_3\">Commentaire ou message<\/label><textarea id=\"wpforms-172-field_3\" class=\"wpforms-field-medium\" name=\"wpforms[fields][3]\" aria-errormessage=\"wpforms-172-field_3-error\" ><\/textarea><\/div><script>\n\t\t\t\t( function() {\n\t\t\t\t\tconst style = document.createElement( 'style' );\n\t\t\t\t\tstyle.appendChild( document.createTextNode( '#wpforms-172-field_4-container { position: absolute !important; overflow: hidden !important; display: inline !important; height: 1px !important; width: 1px !important; z-index: -1000 !important; padding: 0 !important; } #wpforms-172-field_4-container input { visibility: hidden; } #wpforms-conversational-form-page #wpforms-172-field_4-container label { counter-increment: none; }' ) );\n\t\t\t\t\tdocument.head.appendChild( style );\n\t\t\t\t\tdocument.currentScript?.remove();\n\t\t\t\t} )();\n\t\t\t<\/script><\/div><!-- .wpforms-field-container --><div class=\"wpforms-submit-container\" ><input type=\"hidden\" name=\"wpforms[id]\" value=\"172\"><input type=\"hidden\" name=\"page_title\" value=\"\"><input type=\"hidden\" name=\"page_url\" value=\"https:\/\/3ddesigndiffusion.fr\/index.php\/wp-json\/wp\/v2\/pages\/167\"><input type=\"hidden\" name=\"url_referer\" value=\"\"><button type=\"submit\" name=\"wpforms[submit]\" id=\"wpforms-submit-172\" class=\"wpforms-submit\" data-alt-text=\"Envoi...\" data-submit-text=\"Envoyer\" aria-live=\"assertive\" value=\"wpforms-submit\">Envoyer<\/button><img loading=\"lazy\" decoding=\"async\" src=\"https:\/\/3ddesigndiffusion.fr\/wp-content\/plugins\/wpforms-lite\/assets\/images\/submit-spin.svg\" class=\"wpforms-submit-spinner\" style=\"display: none;\" width=\"26\" height=\"26\" alt=\"Chargement en cours\"><\/div><\/form><\/div>  <!-- .wpforms-container -->\n\n\n<div class=\"wp-block-buttons is-layout-flex wp-block-buttons-is-layout-flex\">\n<div class=\"wp-block-button\"><a class=\"wp-block-button__link has-palette-color-3-background-color has-background wp-element-button\" href=\"https:\/\/3ddesigndiffusion.fr\/\">D\u00e9couvrir l&rsquo;agence 3D Design<\/a><\/div>\n\n\n\n<div class=\"wp-block-button\"><a class=\"wp-block-button__link has-palette-color-3-background-color has-background wp-element-button\" href=\"https:\/\/3ddesigndiffusion.fr\/index.php\/nos-marques\/\">Nos marques partenaires<\/a><\/div>\n<\/div>\n\n\n\n<hr class=\"wp-block-separator has-alpha-channel-opacity\"\/>\n\n\n\n<h2 class=\"wp-block-heading\">Coordonn\u00e9es 3D Design<\/h2>\n\n\n\n<div class=\"wp-block-columns is-layout-flex wp-container-core-columns-is-layout-28f84493 wp-block-columns-is-layout-flex\">\n<div class=\"wp-block-column is-layout-flow wp-block-column-is-layout-flow\">\n<h2 class=\"wp-block-heading has-text-align-center\">ADRESSE<\/h2>\n\n\n\n<p class=\"has-text-align-center\">9 RUE DES TOURNEURS 31000 TOULOUSE <a href=\"mailto:contact@3ddesigndiffusion.fr\">contact@3ddesigndiffusion.fr<\/a><\/p>\n<\/div>\n\n\n\n<div class=\"wp-block-column is-layout-flow wp-block-column-is-layout-flow\">\n<h2 class=\"wp-block-heading has-text-align-center\">TELEPHONE<\/h2>\n\n\n\n<p class=\"has-text-align-center\">06 32 51 94 68<\/p>\n<\/div>\n\n\n\n<div class=\"wp-block-column is-layout-flow wp-block-column-is-layout-flow\">\n<h2 class=\"wp-block-heading has-text-align-center\">SUIVEZ NOUS<\/h2>\n\n\n\n<ul class=\"wp-block-social-links is-content-justification-center is-layout-flex wp-container-core-social-links-is-layout-a89b3969 wp-block-social-links-is-layout-flex\"><li class=\"wp-social-link wp-social-link-instagram  wp-block-social-link\"><a href=\"https:\/\/www.instagram.com\/3ddesigndiffusion\/\" class=\"wp-block-social-link-anchor\"><svg width=\"24\" height=\"24\" viewBox=\"0 0 24 24\" version=\"1.1\" xmlns=\"http:\/\/www.w3.org\/2000\/svg\" aria-hidden=\"true\" focusable=\"false\"><path d=\"M12,4.622c2.403,0,2.688,0.009,3.637,0.052c0.877,0.04,1.354,0.187,1.671,0.31c0.42,0.163,0.72,0.358,1.035,0.673 c0.315,0.315,0.51,0.615,0.673,1.035c0.123,0.317,0.27,0.794,0.31,1.671c0.043,0.949,0.052,1.234,0.052,3.637 s-0.009,2.688-0.052,3.637c-0.04,0.877-0.187,1.354-0.31,1.671c-0.163,0.42-0.358,0.72-0.673,1.035 c-0.315,0.315-0.615,0.51-1.035,0.673c-0.317,0.123-0.794,0.27-1.671,0.31c-0.949,0.043-1.233,0.052-3.637,0.052 s-2.688-0.009-3.637-0.052c-0.877-0.04-1.354-0.187-1.671-0.31c-0.42-0.163-0.72-0.358-1.035-0.673 c-0.315-0.315-0.51-0.615-0.673-1.035c-0.123-0.317-0.27-0.794-0.31-1.671C4.631,14.688,4.622,14.403,4.622,12 s0.009-2.688,0.052-3.637c0.04-0.877,0.187-1.354,0.31-1.671c0.163-0.42,0.358-0.72,0.673-1.035 c0.315-0.315,0.615-0.51,1.035-0.673c0.317-0.123,0.794-0.27,1.671-0.31C9.312,4.631,9.597,4.622,12,4.622 M12,3 C9.556,3,9.249,3.01,8.289,3.054C7.331,3.098,6.677,3.25,6.105,3.472C5.513,3.702,5.011,4.01,4.511,4.511 c-0.5,0.5-0.808,1.002-1.038,1.594C3.25,6.677,3.098,7.331,3.054,8.289C3.01,9.249,3,9.556,3,12c0,2.444,0.01,2.751,0.054,3.711 c0.044,0.958,0.196,1.612,0.418,2.185c0.23,0.592,0.538,1.094,1.038,1.594c0.5,0.5,1.002,0.808,1.594,1.038 c0.572,0.222,1.227,0.375,2.185,0.418C9.249,20.99,9.556,21,12,21s2.751-0.01,3.711-0.054c0.958-0.044,1.612-0.196,2.185-0.418 c0.592-0.23,1.094-0.538,1.594-1.038c0.5-0.5,0.808-1.002,1.038-1.594c0.222-0.572,0.375-1.227,0.418-2.185 C20.99,14.751,21,14.444,21,12s-0.01-2.751-0.054-3.711c-0.044-0.958-0.196-1.612-0.418-2.185c-0.23-0.592-0.538-1.094-1.038-1.594 c-0.5-0.5-1.002-0.808-1.594-1.038c-0.572-0.222-1.227-0.375-2.185-0.418C14.751,3.01,14.444,3,12,3L12,3z M12,7.378 c-2.552,0-4.622,2.069-4.622,4.622S9.448,16.622,12,16.622s4.622-2.069,4.622-4.622S14.552,7.378,12,7.378z M12,15 c-1.657,0-3-1.343-3-3s1.343-3,3-3s3,1.343,3,3S13.657,15,12,15z M16.804,6.116c-0.596,0-1.08,0.484-1.08,1.08 s0.484,1.08,1.08,1.08c0.596,0,1.08-0.484,1.08-1.08S17.401,6.116,16.804,6.116z\"><\/path><\/svg><span class=\"wp-block-social-link-label screen-reader-text\">Instagram<\/span><\/a><\/li>\n\n<li class=\"wp-social-link wp-social-link-linkedin  wp-block-social-link\"><a href=\"https:\/\/www.linkedin.com\/company\/70474434\" class=\"wp-block-social-link-anchor\"><svg width=\"24\" height=\"24\" viewBox=\"0 0 24 24\" version=\"1.1\" xmlns=\"http:\/\/www.w3.org\/2000\/svg\" aria-hidden=\"true\" focusable=\"false\"><path d=\"M19.7,3H4.3C3.582,3,3,3.582,3,4.3v15.4C3,20.418,3.582,21,4.3,21h15.4c0.718,0,1.3-0.582,1.3-1.3V4.3 C21,3.582,20.418,3,19.7,3z M8.339,18.338H5.667v-8.59h2.672V18.338z M7.004,8.574c-0.857,0-1.549-0.694-1.549-1.548 c0-0.855,0.691-1.548,1.549-1.548c0.854,0,1.547,0.694,1.547,1.548C8.551,7.881,7.858,8.574,7.004,8.574z M18.339,18.338h-2.669 v-4.177c0-0.996-0.017-2.278-1.387-2.278c-1.389,0-1.601,1.086-1.601,2.206v4.249h-2.667v-8.59h2.559v1.174h0.037 c0.356-0.675,1.227-1.387,2.526-1.387c2.703,0,3.203,1.779,3.203,4.092V18.338z\"><\/path><\/svg><span class=\"wp-block-social-link-label screen-reader-text\">LinkedIn<\/span><\/a><\/li><\/ul>\n<\/div>\n<\/div>\n\n\n\n<p class=\"has-text-align-center\"><\/p>\n\n\n\n<p><\/p>\n\n\n\n<figure class=\"wp-block-image aligncenter size-large\"><img loading=\"lazy\" decoding=\"async\" width=\"1024\" height=\"568\" src=\"https:\/\/3ddesigndiffusion.fr\/wp-content\/uploads\/2025\/06\/Capture-decran-2025-06-18-224849-1024x568.png\" alt=\"Contactez 3D Design agence de diffusion de marques de mobilier professionnel pour vos projets CHR et espaces professionnels\" class=\"wp-image-48\" srcset=\"https:\/\/3ddesigndiffusion.fr\/wp-content\/uploads\/2025\/06\/Capture-decran-2025-06-18-224849-1024x568.png 1024w, https:\/\/3ddesigndiffusion.fr\/wp-content\/uploads\/2025\/06\/Capture-decran-2025-06-18-224849-300x166.png 300w, https:\/\/3ddesigndiffusion.fr\/wp-content\/uploads\/2025\/06\/Capture-decran-2025-06-18-224849-768x426.png 768w, https:\/\/3ddesigndiffusion.fr\/wp-content\/uploads\/2025\/06\/Capture-decran-2025-06-18-224849.png 1348w\" sizes=\"auto, (max-width: 1024px) 100vw, 1024px\" \/><\/figure>\n","protected":false},"excerpt":{"rendered":"<p>Contactez 3D Design pour recevoir la documentation ou \u00e9changer sur un projet d&rsquo;am\u00e9nagement ? Une question sur l&rsquo;un de nos fabricants. 3D Design accompagne les distributeurs et prescripteurs dans le choix de mobilier professionnel sur mesure et durable, adapt\u00e9 aux exigences du contract. L&rsquo;agence est bas\u00e9e \u00e0 Toulouse et intervient aupr\u00e8s des professionnels partout en [&hellip;]<\/p>\n","protected":false},"author":1,"featured_media":0,"parent":0,"menu_order":0,"comment_status":"closed","ping_status":"closed","template":"","meta":{"footnotes":""},"class_list":["post-167","page","type-page","status-publish","hentry"],"blocksy_meta":[],"yoast_head":"<!-- This site is optimized with the Yoast SEO plugin v25.4 - https:\/\/yoast.com\/wordpress\/plugins\/seo\/ -->\n<title>CONTACTEZ 3D DESIGN - AGENT DE MARQUES - 3D Design Diffusion<\/title>\n<meta name=\"description\" content=\"Contactez 3D Design pour obtenir nos catalogues et d\u00e9couvrir nos marques de mobilier professionnel sur mesure et durable\" \/>\n<meta name=\"robots\" content=\"index, follow, max-snippet:-1, max-image-preview:large, max-video-preview:-1\" \/>\n<link rel=\"canonical\" href=\"https:\/\/3ddesigndiffusion.fr\/index.php\/contactez-3d-design\/\" \/>\n<meta property=\"og:locale\" content=\"fr_FR\" \/>\n<meta property=\"og:type\" content=\"article\" \/>\n<meta property=\"og:title\" content=\"CONTACTEZ 3D DESIGN - AGENT DE MARQUES - 3D Design Diffusion\" \/>\n<meta property=\"og:description\" content=\"Contactez 3D Design pour obtenir nos catalogues et d\u00e9couvrir nos marques de mobilier professionnel sur mesure et durable\" \/>\n<meta property=\"og:url\" content=\"https:\/\/3ddesigndiffusion.fr\/index.php\/contactez-3d-design\/\" \/>\n<meta property=\"og:site_name\" content=\"3D Design Diffusion\" \/>\n<meta property=\"article:modified_time\" content=\"2025-07-13T21:23:12+00:00\" \/>\n<meta property=\"og:image\" content=\"https:\/\/3ddesigndiffusion.fr\/wp-content\/uploads\/2025\/06\/Capture-decran-2025-06-18-224849-1024x568.png\" \/>\n<meta name=\"twitter:card\" content=\"summary_large_image\" \/>\n<meta name=\"twitter:label1\" content=\"Dur\u00e9e de lecture estim\u00e9e\" \/>\n\t<meta name=\"twitter:data1\" content=\"1 minute\" \/>\n<script type=\"application\/ld+json\" class=\"yoast-schema-graph\">{\"@context\":\"https:\/\/schema.org\",\"@graph\":[{\"@type\":\"WebPage\",\"@id\":\"https:\/\/3ddesigndiffusion.fr\/index.php\/contactez-3d-design\/\",\"url\":\"https:\/\/3ddesigndiffusion.fr\/index.php\/contactez-3d-design\/\",\"name\":\"CONTACTEZ 3D DESIGN - AGENT DE MARQUES - 3D Design Diffusion\",\"isPartOf\":{\"@id\":\"https:\/\/3ddesigndiffusion.fr\/#website\"},\"primaryImageOfPage\":{\"@id\":\"https:\/\/3ddesigndiffusion.fr\/index.php\/contactez-3d-design\/#primaryimage\"},\"image\":{\"@id\":\"https:\/\/3ddesigndiffusion.fr\/index.php\/contactez-3d-design\/#primaryimage\"},\"thumbnailUrl\":\"https:\/\/3ddesigndiffusion.fr\/wp-content\/uploads\/2025\/06\/Capture-decran-2025-06-18-224849-1024x568.png\",\"datePublished\":\"2025-06-30T08:56:32+00:00\",\"dateModified\":\"2025-07-13T21:23:12+00:00\",\"description\":\"Contactez 3D Design pour obtenir nos catalogues et d\u00e9couvrir nos marques de mobilier professionnel sur mesure et durable\",\"breadcrumb\":{\"@id\":\"https:\/\/3ddesigndiffusion.fr\/index.php\/contactez-3d-design\/#breadcrumb\"},\"inLanguage\":\"fr-FR\",\"potentialAction\":[{\"@type\":\"ReadAction\",\"target\":[\"https:\/\/3ddesigndiffusion.fr\/index.php\/contactez-3d-design\/\"]}]},{\"@type\":\"ImageObject\",\"inLanguage\":\"fr-FR\",\"@id\":\"https:\/\/3ddesigndiffusion.fr\/index.php\/contactez-3d-design\/#primaryimage\",\"url\":\"https:\/\/3ddesigndiffusion.fr\/wp-content\/uploads\/2025\/06\/Capture-decran-2025-06-18-224849.png\",\"contentUrl\":\"https:\/\/3ddesigndiffusion.fr\/wp-content\/uploads\/2025\/06\/Capture-decran-2025-06-18-224849.png\",\"width\":1348,\"height\":748},{\"@type\":\"BreadcrumbList\",\"@id\":\"https:\/\/3ddesigndiffusion.fr\/index.php\/contactez-3d-design\/#breadcrumb\",\"itemListElement\":[{\"@type\":\"ListItem\",\"position\":1,\"name\":\"Accueil\",\"item\":\"https:\/\/3ddesigndiffusion.fr\/\"},{\"@type\":\"ListItem\",\"position\":2,\"name\":\"CONTACTEZ 3D DESIGN &#8211; AGENT DE MARQUES\"}]},{\"@type\":\"WebSite\",\"@id\":\"https:\/\/3ddesigndiffusion.fr\/#website\",\"url\":\"https:\/\/3ddesigndiffusion.fr\/\",\"name\":\"3D Design Diffusion\",\"description\":\"Agent de marques\",\"publisher\":{\"@id\":\"https:\/\/3ddesigndiffusion.fr\/#organization\"},\"potentialAction\":[{\"@type\":\"SearchAction\",\"target\":{\"@type\":\"EntryPoint\",\"urlTemplate\":\"https:\/\/3ddesigndiffusion.fr\/?s={search_term_string}\"},\"query-input\":{\"@type\":\"PropertyValueSpecification\",\"valueRequired\":true,\"valueName\":\"search_term_string\"}}],\"inLanguage\":\"fr-FR\"},{\"@type\":\"Organization\",\"@id\":\"https:\/\/3ddesigndiffusion.fr\/#organization\",\"name\":\"3D Design Diffusion\",\"url\":\"https:\/\/3ddesigndiffusion.fr\/\",\"logo\":{\"@type\":\"ImageObject\",\"inLanguage\":\"fr-FR\",\"@id\":\"https:\/\/3ddesigndiffusion.fr\/#\/schema\/logo\/image\/\",\"url\":\"https:\/\/3ddesigndiffusion.fr\/wp-content\/uploads\/2025\/06\/fin_entier-scaled.png\",\"contentUrl\":\"https:\/\/3ddesigndiffusion.fr\/wp-content\/uploads\/2025\/06\/fin_entier-scaled.png\",\"width\":2560,\"height\":2548,\"caption\":\"3D Design Diffusion\"},\"image\":{\"@id\":\"https:\/\/3ddesigndiffusion.fr\/#\/schema\/logo\/image\/\"},\"sameAs\":[\"https:\/\/www.linkedin.com\/company\/70474434\/admin\/dashboard\/\",\"https:\/\/www.instagram.com\/3ddesigndiffusion\/\"]}]}<\/script>\n<!-- \/ Yoast SEO plugin. -->","yoast_head_json":{"title":"CONTACTEZ 3D DESIGN - AGENT DE MARQUES - 3D Design Diffusion","description":"Contactez 3D Design pour obtenir nos catalogues et d\u00e9couvrir nos marques de mobilier professionnel sur mesure et durable","robots":{"index":"index","follow":"follow","max-snippet":"max-snippet:-1","max-image-preview":"max-image-preview:large","max-video-preview":"max-video-preview:-1"},"canonical":"https:\/\/3ddesigndiffusion.fr\/index.php\/contactez-3d-design\/","og_locale":"fr_FR","og_type":"article","og_title":"CONTACTEZ 3D DESIGN - AGENT DE MARQUES - 3D Design Diffusion","og_description":"Contactez 3D Design pour obtenir nos catalogues et d\u00e9couvrir nos marques de mobilier professionnel sur mesure et durable","og_url":"https:\/\/3ddesigndiffusion.fr\/index.php\/contactez-3d-design\/","og_site_name":"3D Design Diffusion","article_modified_time":"2025-07-13T21:23:12+00:00","og_image":[{"url":"https:\/\/3ddesigndiffusion.fr\/wp-content\/uploads\/2025\/06\/Capture-decran-2025-06-18-224849-1024x568.png","type":"","width":"","height":""}],"twitter_card":"summary_large_image","twitter_misc":{"Dur\u00e9e de lecture estim\u00e9e":"1 minute"},"schema":{"@context":"https:\/\/schema.org","@graph":[{"@type":"WebPage","@id":"https:\/\/3ddesigndiffusion.fr\/index.php\/contactez-3d-design\/","url":"https:\/\/3ddesigndiffusion.fr\/index.php\/contactez-3d-design\/","name":"CONTACTEZ 3D DESIGN - AGENT DE MARQUES - 3D Design Diffusion","isPartOf":{"@id":"https:\/\/3ddesigndiffusion.fr\/#website"},"primaryImageOfPage":{"@id":"https:\/\/3ddesigndiffusion.fr\/index.php\/contactez-3d-design\/#primaryimage"},"image":{"@id":"https:\/\/3ddesigndiffusion.fr\/index.php\/contactez-3d-design\/#primaryimage"},"thumbnailUrl":"https:\/\/3ddesigndiffusion.fr\/wp-content\/uploads\/2025\/06\/Capture-decran-2025-06-18-224849-1024x568.png","datePublished":"2025-06-30T08:56:32+00:00","dateModified":"2025-07-13T21:23:12+00:00","description":"Contactez 3D Design pour obtenir nos catalogues et d\u00e9couvrir nos marques de mobilier professionnel sur mesure et durable","breadcrumb":{"@id":"https:\/\/3ddesigndiffusion.fr\/index.php\/contactez-3d-design\/#breadcrumb"},"inLanguage":"fr-FR","potentialAction":[{"@type":"ReadAction","target":["https:\/\/3ddesigndiffusion.fr\/index.php\/contactez-3d-design\/"]}]},{"@type":"ImageObject","inLanguage":"fr-FR","@id":"https:\/\/3ddesigndiffusion.fr\/index.php\/contactez-3d-design\/#primaryimage","url":"https:\/\/3ddesigndiffusion.fr\/wp-content\/uploads\/2025\/06\/Capture-decran-2025-06-18-224849.png","contentUrl":"https:\/\/3ddesigndiffusion.fr\/wp-content\/uploads\/2025\/06\/Capture-decran-2025-06-18-224849.png","width":1348,"height":748},{"@type":"BreadcrumbList","@id":"https:\/\/3ddesigndiffusion.fr\/index.php\/contactez-3d-design\/#breadcrumb","itemListElement":[{"@type":"ListItem","position":1,"name":"Accueil","item":"https:\/\/3ddesigndiffusion.fr\/"},{"@type":"ListItem","position":2,"name":"CONTACTEZ 3D DESIGN &#8211; AGENT DE MARQUES"}]},{"@type":"WebSite","@id":"https:\/\/3ddesigndiffusion.fr\/#website","url":"https:\/\/3ddesigndiffusion.fr\/","name":"3D Design Diffusion","description":"Agent de marques","publisher":{"@id":"https:\/\/3ddesigndiffusion.fr\/#organization"},"potentialAction":[{"@type":"SearchAction","target":{"@type":"EntryPoint","urlTemplate":"https:\/\/3ddesigndiffusion.fr\/?s={search_term_string}"},"query-input":{"@type":"PropertyValueSpecification","valueRequired":true,"valueName":"search_term_string"}}],"inLanguage":"fr-FR"},{"@type":"Organization","@id":"https:\/\/3ddesigndiffusion.fr\/#organization","name":"3D Design Diffusion","url":"https:\/\/3ddesigndiffusion.fr\/","logo":{"@type":"ImageObject","inLanguage":"fr-FR","@id":"https:\/\/3ddesigndiffusion.fr\/#\/schema\/logo\/image\/","url":"https:\/\/3ddesigndiffusion.fr\/wp-content\/uploads\/2025\/06\/fin_entier-scaled.png","contentUrl":"https:\/\/3ddesigndiffusion.fr\/wp-content\/uploads\/2025\/06\/fin_entier-scaled.png","width":2560,"height":2548,"caption":"3D Design Diffusion"},"image":{"@id":"https:\/\/3ddesigndiffusion.fr\/#\/schema\/logo\/image\/"},"sameAs":["https:\/\/www.linkedin.com\/company\/70474434\/admin\/dashboard\/","https:\/\/www.instagram.com\/3ddesigndiffusion\/"]}]}},"_links":{"self":[{"href":"https:\/\/3ddesigndiffusion.fr\/index.php\/wp-json\/wp\/v2\/pages\/167","targetHints":{"allow":["GET"]}}],"collection":[{"href":"https:\/\/3ddesigndiffusion.fr\/index.php\/wp-json\/wp\/v2\/pages"}],"about":[{"href":"https:\/\/3ddesigndiffusion.fr\/index.php\/wp-json\/wp\/v2\/types\/page"}],"author":[{"embeddable":true,"href":"https:\/\/3ddesigndiffusion.fr\/index.php\/wp-json\/wp\/v2\/users\/1"}],"replies":[{"embeddable":true,"href":"https:\/\/3ddesigndiffusion.fr\/index.php\/wp-json\/wp\/v2\/comments?post=167"}],"version-history":[{"count":11,"href":"https:\/\/3ddesigndiffusion.fr\/index.php\/wp-json\/wp\/v2\/pages\/167\/revisions"}],"predecessor-version":[{"id":242,"href":"https:\/\/3ddesigndiffusion.fr\/index.php\/wp-json\/wp\/v2\/pages\/167\/revisions\/242"}],"wp:attachment":[{"href":"https:\/\/3ddesigndiffusion.fr\/index.php\/wp-json\/wp\/v2\/media?parent=167"}],"curies":[{"name":"wp","href":"https:\/\/api.w.org\/{rel}","templated":true}]}}