{"id":211,"date":"2025-07-01T13:33:11","date_gmt":"2025-07-01T11:33:11","guid":{"rendered":"https:\/\/3ddesigndiffusion.fr\/?page_id=211"},"modified":"2025-07-13T23:16:35","modified_gmt":"2025-07-13T21:16:35","slug":"mentions-legales","status":"publish","type":"page","link":"https:\/\/3ddesigndiffusion.fr\/index.php\/mentions-legales\/","title":{"rendered":"MENTIONS L\u00c9GALES 3D DESIGN DIFFUSION"},"content":{"rendered":"\n<h3 class=\"wp-block-heading\"><strong>Mentions l\u00e9gales<\/strong><\/h3>\n\n\n\n<p>Conform\u00e9ment \u00e0 la loi n\u00b02004-575 du 21 juin 2004 pour la confiance dans l&rsquo;\u00e9conomie num\u00e9rique (LCEN), il est pr\u00e9cis\u00e9 aux utilisateurs du site <strong>3D Design Diffusion<\/strong> l&rsquo;identit\u00e9 des diff\u00e9rents intervenants dans le cadre de sa r\u00e9alisation et de son suivi.<\/p>\n\n\n\n<hr class=\"wp-block-separator has-alpha-channel-opacity\"\/>\n\n\n\n<h3 class=\"wp-block-heading\"><strong>\u00c9diteur du site<\/strong><\/h3>\n\n\n\n<p>3D Design Diffusion<br>Adresse : 9 RUE DES TOURNEURS 31000 TOULOUSE<br>SIRET : 88265054200013<br>Email : contact@3ddesigndiffusion.fr<br>T\u00e9l\u00e9phone : 06 32 51 94 68<\/p>\n\n\n\n<figure class=\"wp-block-image size-full is-resized\"><img loading=\"lazy\" decoding=\"async\" width=\"512\" height=\"512\" src=\"https:\/\/3ddesigndiffusion.fr\/wp-content\/uploads\/2025\/06\/cropped-fin_entier-scaled-1.png\" alt=\"mentions l\u00e9gales de 3D Design diffusion, agent de marques de mobilier professionnel pour projets CHR et espaces de travail\" class=\"wp-image-188\" style=\"width:198px;height:auto\" srcset=\"https:\/\/3ddesigndiffusion.fr\/wp-content\/uploads\/2025\/06\/cropped-fin_entier-scaled-1.png 512w, https:\/\/3ddesigndiffusion.fr\/wp-content\/uploads\/2025\/06\/cropped-fin_entier-scaled-1-300x300.png 300w, https:\/\/3ddesigndiffusion.fr\/wp-content\/uploads\/2025\/06\/cropped-fin_entier-scaled-1-150x150.png 150w, https:\/\/3ddesigndiffusion.fr\/wp-content\/uploads\/2025\/06\/cropped-fin_entier-scaled-1-270x270.png 270w, https:\/\/3ddesigndiffusion.fr\/wp-content\/uploads\/2025\/06\/cropped-fin_entier-scaled-1-192x192.png 192w, https:\/\/3ddesigndiffusion.fr\/wp-content\/uploads\/2025\/06\/cropped-fin_entier-scaled-1-180x180.png 180w, https:\/\/3ddesigndiffusion.fr\/wp-content\/uploads\/2025\/06\/cropped-fin_entier-scaled-1-32x32.png 32w\" sizes=\"auto, (max-width: 512px) 100vw, 512px\" \/><\/figure>\n\n\n\n<hr class=\"wp-block-separator has-alpha-channel-opacity\"\/>\n\n\n\n<h3 class=\"wp-block-heading\"><strong>H\u00e9bergement<\/strong><\/h3>\n\n\n\n<p>Site h\u00e9berg\u00e9 par : OVH<br>2 rue Kellermann \u2013 59100 Roubaix \u2013 France<br><a class=\"\" href=\"http:\/\/www.ovh.com\">www.ovh.com<\/a><\/p>\n\n\n\n<hr class=\"wp-block-separator has-alpha-channel-opacity\"\/>\n\n\n\n<h3 class=\"wp-block-heading\"><strong>Propri\u00e9t\u00e9 intellectuelle<\/strong><\/h3>\n\n\n\n<p>Les contenus du site (textes, images, logos, etc.) sont prot\u00e9g\u00e9s par le Code de la propri\u00e9t\u00e9 intellectuelle. Toute reproduction, repr\u00e9sentation, modification ou adaptation, totale ou partielle, sans l&rsquo;accord \u00e9crit de l&rsquo;\u00e9diteur est interdite.<\/p>\n\n\n\n<hr class=\"wp-block-separator has-alpha-channel-opacity\"\/>\n\n\n\n<h3 class=\"wp-block-heading\"><strong>Donn\u00e9es personnelles<\/strong><\/h3>\n\n\n\n<p>Aucune donn\u00e9e personnelle n\u2019est collect\u00e9e sans votre consentement. Les donn\u00e9es \u00e9ventuellement collect\u00e9es via le formulaire de contact sont destin\u00e9es uniquement \u00e0 r\u00e9pondre \u00e0 votre demande.<br>Vous pouvez \u00e0 tout moment exercer vos droits d\u2019acc\u00e8s, de rectification ou de suppression en \u00e9crivant \u00e0 : contact@3ddesigndiffusion.fr.<\/p>\n\n\n\n<div class=\"wp-block-buttons is-layout-flex wp-block-buttons-is-layout-flex\">\n<div class=\"wp-block-button\"><a class=\"wp-block-button__link has-palette-color-4-background-color has-background wp-element-button\" href=\"https:\/\/3ddesigndiffusion.fr\/index.php\/contactez-3d-design\/\">contactez l&rsquo;agence<\/a><\/div>\n<\/div>\n","protected":false},"excerpt":{"rendered":"<p>Mentions l\u00e9gales Conform\u00e9ment \u00e0 la loi n\u00b02004-575 du 21 juin 2004 pour la confiance dans l&rsquo;\u00e9conomie num\u00e9rique (LCEN), il est pr\u00e9cis\u00e9 aux utilisateurs du site 3D Design Diffusion l&rsquo;identit\u00e9 des diff\u00e9rents intervenants dans le cadre de sa r\u00e9alisation et de son suivi. \u00c9diteur du site 3D Design DiffusionAdresse : 9 RUE DES TOURNEURS 31000 TOULOUSESIRET [&hellip;]<\/p>\n","protected":false},"author":1,"featured_media":0,"parent":0,"menu_order":0,"comment_status":"closed","ping_status":"closed","template":"","meta":{"footnotes":""},"class_list":["post-211","page","type-page","status-publish","hentry"],"blocksy_meta":[],"yoast_head":"<!-- This site is optimized with the Yoast SEO plugin v25.4 - https:\/\/yoast.com\/wordpress\/plugins\/seo\/ -->\n<title>MENTIONS L\u00c9GALES 3D DESIGN DIFFUSION - 3D Design Diffusion<\/title>\n<meta name=\"description\" content=\"Mentions l\u00e9gales du site 3D Design diffusion, agent de marques de mobilier professionnel pour vos projets CHR, espaces de travail\" \/>\n<meta name=\"robots\" content=\"index, follow, max-snippet:-1, max-image-preview:large, max-video-preview:-1\" \/>\n<link rel=\"canonical\" href=\"https:\/\/3ddesigndiffusion.fr\/index.php\/mentions-legales\/\" \/>\n<meta property=\"og:locale\" content=\"fr_FR\" \/>\n<meta property=\"og:type\" content=\"article\" \/>\n<meta property=\"og:title\" content=\"MENTIONS L\u00c9GALES 3D DESIGN DIFFUSION - 3D Design Diffusion\" \/>\n<meta property=\"og:description\" content=\"Mentions l\u00e9gales du site 3D Design diffusion, agent de marques de mobilier professionnel pour vos projets CHR, espaces de travail\" \/>\n<meta property=\"og:url\" content=\"https:\/\/3ddesigndiffusion.fr\/index.php\/mentions-legales\/\" \/>\n<meta property=\"og:site_name\" content=\"3D Design Diffusion\" \/>\n<meta property=\"article:modified_time\" content=\"2025-07-13T21:16:35+00:00\" \/>\n<meta property=\"og:image\" content=\"https:\/\/3ddesigndiffusion.fr\/wp-content\/uploads\/2025\/06\/cropped-fin_entier-scaled-1.png\" \/>\n\t<meta property=\"og:image:width\" content=\"512\" \/>\n\t<meta property=\"og:image:height\" content=\"512\" \/>\n\t<meta property=\"og:image:type\" content=\"image\/png\" \/>\n<meta name=\"twitter:card\" content=\"summary_large_image\" \/>\n<meta name=\"twitter:label1\" content=\"Dur\u00e9e de lecture estim\u00e9e\" \/>\n\t<meta name=\"twitter:data1\" content=\"2 minutes\" \/>\n<script type=\"application\/ld+json\" class=\"yoast-schema-graph\">{\"@context\":\"https:\/\/schema.org\",\"@graph\":[{\"@type\":\"WebPage\",\"@id\":\"https:\/\/3ddesigndiffusion.fr\/index.php\/mentions-legales\/\",\"url\":\"https:\/\/3ddesigndiffusion.fr\/index.php\/mentions-legales\/\",\"name\":\"MENTIONS L\u00c9GALES 3D DESIGN DIFFUSION - 3D Design Diffusion\",\"isPartOf\":{\"@id\":\"https:\/\/3ddesigndiffusion.fr\/#website\"},\"primaryImageOfPage\":{\"@id\":\"https:\/\/3ddesigndiffusion.fr\/index.php\/mentions-legales\/#primaryimage\"},\"image\":{\"@id\":\"https:\/\/3ddesigndiffusion.fr\/index.php\/mentions-legales\/#primaryimage\"},\"thumbnailUrl\":\"https:\/\/3ddesigndiffusion.fr\/wp-content\/uploads\/2025\/06\/cropped-fin_entier-scaled-1.png\",\"datePublished\":\"2025-07-01T11:33:11+00:00\",\"dateModified\":\"2025-07-13T21:16:35+00:00\",\"description\":\"Mentions l\u00e9gales du site 3D Design diffusion, agent de marques de mobilier professionnel pour vos projets CHR, espaces de travail\",\"breadcrumb\":{\"@id\":\"https:\/\/3ddesigndiffusion.fr\/index.php\/mentions-legales\/#breadcrumb\"},\"inLanguage\":\"fr-FR\",\"potentialAction\":[{\"@type\":\"ReadAction\",\"target\":[\"https:\/\/3ddesigndiffusion.fr\/index.php\/mentions-legales\/\"]}]},{\"@type\":\"ImageObject\",\"inLanguage\":\"fr-FR\",\"@id\":\"https:\/\/3ddesigndiffusion.fr\/index.php\/mentions-legales\/#primaryimage\",\"url\":\"https:\/\/3ddesigndiffusion.fr\/wp-content\/uploads\/2025\/06\/cropped-fin_entier-scaled-1.png\",\"contentUrl\":\"https:\/\/3ddesigndiffusion.fr\/wp-content\/uploads\/2025\/06\/cropped-fin_entier-scaled-1.png\",\"width\":512,\"height\":512},{\"@type\":\"BreadcrumbList\",\"@id\":\"https:\/\/3ddesigndiffusion.fr\/index.php\/mentions-legales\/#breadcrumb\",\"itemListElement\":[{\"@type\":\"ListItem\",\"position\":1,\"name\":\"Accueil\",\"item\":\"https:\/\/3ddesigndiffusion.fr\/\"},{\"@type\":\"ListItem\",\"position\":2,\"name\":\"MENTIONS L\u00c9GALES 3D DESIGN DIFFUSION\"}]},{\"@type\":\"WebSite\",\"@id\":\"https:\/\/3ddesigndiffusion.fr\/#website\",\"url\":\"https:\/\/3ddesigndiffusion.fr\/\",\"name\":\"3D Design Diffusion\",\"description\":\"Agent de marques\",\"publisher\":{\"@id\":\"https:\/\/3ddesigndiffusion.fr\/#organization\"},\"potentialAction\":[{\"@type\":\"SearchAction\",\"target\":{\"@type\":\"EntryPoint\",\"urlTemplate\":\"https:\/\/3ddesigndiffusion.fr\/?s={search_term_string}\"},\"query-input\":{\"@type\":\"PropertyValueSpecification\",\"valueRequired\":true,\"valueName\":\"search_term_string\"}}],\"inLanguage\":\"fr-FR\"},{\"@type\":\"Organization\",\"@id\":\"https:\/\/3ddesigndiffusion.fr\/#organization\",\"name\":\"3D Design Diffusion\",\"url\":\"https:\/\/3ddesigndiffusion.fr\/\",\"logo\":{\"@type\":\"ImageObject\",\"inLanguage\":\"fr-FR\",\"@id\":\"https:\/\/3ddesigndiffusion.fr\/#\/schema\/logo\/image\/\",\"url\":\"https:\/\/3ddesigndiffusion.fr\/wp-content\/uploads\/2025\/06\/fin_entier-scaled.png\",\"contentUrl\":\"https:\/\/3ddesigndiffusion.fr\/wp-content\/uploads\/2025\/06\/fin_entier-scaled.png\",\"width\":2560,\"height\":2548,\"caption\":\"3D Design Diffusion\"},\"image\":{\"@id\":\"https:\/\/3ddesigndiffusion.fr\/#\/schema\/logo\/image\/\"},\"sameAs\":[\"https:\/\/www.linkedin.com\/company\/70474434\/admin\/dashboard\/\",\"https:\/\/www.instagram.com\/3ddesigndiffusion\/\"]}]}<\/script>\n<!-- \/ Yoast SEO plugin. -->","yoast_head_json":{"title":"MENTIONS L\u00c9GALES 3D DESIGN DIFFUSION - 3D Design Diffusion","description":"Mentions l\u00e9gales du site 3D Design diffusion, agent de marques de mobilier professionnel pour vos projets CHR, espaces de travail","robots":{"index":"index","follow":"follow","max-snippet":"max-snippet:-1","max-image-preview":"max-image-preview:large","max-video-preview":"max-video-preview:-1"},"canonical":"https:\/\/3ddesigndiffusion.fr\/index.php\/mentions-legales\/","og_locale":"fr_FR","og_type":"article","og_title":"MENTIONS L\u00c9GALES 3D DESIGN DIFFUSION - 3D Design Diffusion","og_description":"Mentions l\u00e9gales du site 3D Design diffusion, agent de marques de mobilier professionnel pour vos projets CHR, espaces de travail","og_url":"https:\/\/3ddesigndiffusion.fr\/index.php\/mentions-legales\/","og_site_name":"3D Design Diffusion","article_modified_time":"2025-07-13T21:16:35+00:00","og_image":[{"width":512,"height":512,"url":"https:\/\/3ddesigndiffusion.fr\/wp-content\/uploads\/2025\/06\/cropped-fin_entier-scaled-1.png","type":"image\/png"}],"twitter_card":"summary_large_image","twitter_misc":{"Dur\u00e9e de lecture estim\u00e9e":"2 minutes"},"schema":{"@context":"https:\/\/schema.org","@graph":[{"@type":"WebPage","@id":"https:\/\/3ddesigndiffusion.fr\/index.php\/mentions-legales\/","url":"https:\/\/3ddesigndiffusion.fr\/index.php\/mentions-legales\/","name":"MENTIONS L\u00c9GALES 3D DESIGN DIFFUSION - 3D Design Diffusion","isPartOf":{"@id":"https:\/\/3ddesigndiffusion.fr\/#website"},"primaryImageOfPage":{"@id":"https:\/\/3ddesigndiffusion.fr\/index.php\/mentions-legales\/#primaryimage"},"image":{"@id":"https:\/\/3ddesigndiffusion.fr\/index.php\/mentions-legales\/#primaryimage"},"thumbnailUrl":"https:\/\/3ddesigndiffusion.fr\/wp-content\/uploads\/2025\/06\/cropped-fin_entier-scaled-1.png","datePublished":"2025-07-01T11:33:11+00:00","dateModified":"2025-07-13T21:16:35+00:00","description":"Mentions l\u00e9gales du site 3D Design diffusion, agent de marques de mobilier professionnel pour vos projets CHR, espaces de travail","breadcrumb":{"@id":"https:\/\/3ddesigndiffusion.fr\/index.php\/mentions-legales\/#breadcrumb"},"inLanguage":"fr-FR","potentialAction":[{"@type":"ReadAction","target":["https:\/\/3ddesigndiffusion.fr\/index.php\/mentions-legales\/"]}]},{"@type":"ImageObject","inLanguage":"fr-FR","@id":"https:\/\/3ddesigndiffusion.fr\/index.php\/mentions-legales\/#primaryimage","url":"https:\/\/3ddesigndiffusion.fr\/wp-content\/uploads\/2025\/06\/cropped-fin_entier-scaled-1.png","contentUrl":"https:\/\/3ddesigndiffusion.fr\/wp-content\/uploads\/2025\/06\/cropped-fin_entier-scaled-1.png","width":512,"height":512},{"@type":"BreadcrumbList","@id":"https:\/\/3ddesigndiffusion.fr\/index.php\/mentions-legales\/#breadcrumb","itemListElement":[{"@type":"ListItem","position":1,"name":"Accueil","item":"https:\/\/3ddesigndiffusion.fr\/"},{"@type":"ListItem","position":2,"name":"MENTIONS L\u00c9GALES 3D DESIGN DIFFUSION"}]},{"@type":"WebSite","@id":"https:\/\/3ddesigndiffusion.fr\/#website","url":"https:\/\/3ddesigndiffusion.fr\/","name":"3D Design Diffusion","description":"Agent de marques","publisher":{"@id":"https:\/\/3ddesigndiffusion.fr\/#organization"},"potentialAction":[{"@type":"SearchAction","target":{"@type":"EntryPoint","urlTemplate":"https:\/\/3ddesigndiffusion.fr\/?s={search_term_string}"},"query-input":{"@type":"PropertyValueSpecification","valueRequired":true,"valueName":"search_term_string"}}],"inLanguage":"fr-FR"},{"@type":"Organization","@id":"https:\/\/3ddesigndiffusion.fr\/#organization","name":"3D Design Diffusion","url":"https:\/\/3ddesigndiffusion.fr\/","logo":{"@type":"ImageObject","inLanguage":"fr-FR","@id":"https:\/\/3ddesigndiffusion.fr\/#\/schema\/logo\/image\/","url":"https:\/\/3ddesigndiffusion.fr\/wp-content\/uploads\/2025\/06\/fin_entier-scaled.png","contentUrl":"https:\/\/3ddesigndiffusion.fr\/wp-content\/uploads\/2025\/06\/fin_entier-scaled.png","width":2560,"height":2548,"caption":"3D Design Diffusion"},"image":{"@id":"https:\/\/3ddesigndiffusion.fr\/#\/schema\/logo\/image\/"},"sameAs":["https:\/\/www.linkedin.com\/company\/70474434\/admin\/dashboard\/","https:\/\/www.instagram.com\/3ddesigndiffusion\/"]}]}},"_links":{"self":[{"href":"https:\/\/3ddesigndiffusion.fr\/index.php\/wp-json\/wp\/v2\/pages\/211","targetHints":{"allow":["GET"]}}],"collection":[{"href":"https:\/\/3ddesigndiffusion.fr\/index.php\/wp-json\/wp\/v2\/pages"}],"about":[{"href":"https:\/\/3ddesigndiffusion.fr\/index.php\/wp-json\/wp\/v2\/types\/page"}],"author":[{"embeddable":true,"href":"https:\/\/3ddesigndiffusion.fr\/index.php\/wp-json\/wp\/v2\/users\/1"}],"replies":[{"embeddable":true,"href":"https:\/\/3ddesigndiffusion.fr\/index.php\/wp-json\/wp\/v2\/comments?post=211"}],"version-history":[{"count":5,"href":"https:\/\/3ddesigndiffusion.fr\/index.php\/wp-json\/wp\/v2\/pages\/211\/revisions"}],"predecessor-version":[{"id":238,"href":"https:\/\/3ddesigndiffusion.fr\/index.php\/wp-json\/wp\/v2\/pages\/211\/revisions\/238"}],"wp:attachment":[{"href":"https:\/\/3ddesigndiffusion.fr\/index.php\/wp-json\/wp\/v2\/media?parent=211"}],"curies":[{"name":"wp","href":"https:\/\/api.w.org\/{rel}","templated":true}]}}