{"id":71,"date":"2025-06-25T15:04:38","date_gmt":"2025-06-25T13:04:38","guid":{"rendered":"https:\/\/3ddesigndiffusion.fr\/?page_id=71"},"modified":"2025-07-13T23:15:06","modified_gmt":"2025-07-13T21:15:06","slug":"nos-marques","status":"publish","type":"page","link":"https:\/\/3ddesigndiffusion.fr\/index.php\/nos-marques\/","title":{"rendered":"NOS MARQUES DE MOBILIER PROFESSIONNEL"},"content":{"rendered":"\n<p>L&rsquo;agence 3D Design Diffusion repr\u00e9sente en France des marques de mobilier professionnel adapt\u00e9es aux secteurs du CHR et des espaces professionnels. <\/p>\n\n\n\n<div class=\"wp-block-buttons is-layout-flex wp-block-buttons-is-layout-flex\">\n<div class=\"wp-block-button\"><a class=\"wp-block-button__link has-palette-color-4-background-color has-background wp-element-button\" href=\"https:\/\/3ddesigndiffusion.fr\/index.php\/contactez-3d-design\/\">Recevoir notre documentation<\/a><\/div>\n<\/div>\n\n\n\n<div class=\"wp-block-media-text is-stacked-on-mobile has-palette-color-5-background-color has-background\"><figure class=\"wp-block-media-text__media\"><img loading=\"lazy\" decoding=\"async\" width=\"1024\" height=\"1018\" src=\"https:\/\/3ddesigndiffusion.fr\/wp-content\/uploads\/2025\/06\/Screenshot_20250625-163048-3-1024x1018.png\" alt=\"\" class=\"wp-image-89 size-full\" srcset=\"https:\/\/3ddesigndiffusion.fr\/wp-content\/uploads\/2025\/06\/Screenshot_20250625-163048-3-1024x1018.png 1024w, https:\/\/3ddesigndiffusion.fr\/wp-content\/uploads\/2025\/06\/Screenshot_20250625-163048-3-300x298.png 300w, https:\/\/3ddesigndiffusion.fr\/wp-content\/uploads\/2025\/06\/Screenshot_20250625-163048-3-150x150.png 150w, https:\/\/3ddesigndiffusion.fr\/wp-content\/uploads\/2025\/06\/Screenshot_20250625-163048-3-768x764.png 768w, https:\/\/3ddesigndiffusion.fr\/wp-content\/uploads\/2025\/06\/Screenshot_20250625-163048-3.png 1080w\" sizes=\"auto, (max-width: 1024px) 100vw, 1024px\" \/><\/figure><div class=\"wp-block-media-text__content\">\n<h2 class=\"wp-block-heading\">\u25aa\ufe0fBK CONTRACT<\/h2>\n\n\n\n<p>Marque basque espagnole sp\u00e9cialis\u00e9e dans le mobilier de bureau professionnel.<br><strong>+<\/strong> Son atout diff\u00e9renciant : <strong>l\u2019excellence du sur-mesure<\/strong>.<\/p>\n\n\n\n<p><br>BK Contract con\u00e7oit et fabrique des bureaux, tables de r\u00e9union et postes de direction personnalis\u00e9s selon les besoins du projet. Chaque pi\u00e8ce peut \u00eatre ajust\u00e9e ou dessin\u00e9e sur mesure, en lien direct avec l\u2019usine.<\/p>\n<\/div><\/div>\n\n\n\n<div class=\"wp-block-media-text has-media-on-the-right is-stacked-on-mobile has-palette-color-5-background-color has-background\"><div class=\"wp-block-media-text__content\">\n<h2 class=\"wp-block-heading\">\u25aa\ufe0fROSCONI &#8211; GROUPE SCHNEEWEISS INTERIOR<\/h2>\n\n\n\n<p>Marque allemande experte en mobilier pour espaces publics et collectivit\u00e9s.<br><strong>+<\/strong> Ce qui la distingue : <strong>sa capacit\u00e9 \u00e0 g\u00e9rer des projets de grande ampleur.<\/strong><\/p>\n\n\n\n<p><br>Rosconi combine design sobre et \u00e9l\u00e9gant avec une grande flexibilit\u00e9 technique, et une logistique parfaitement int\u00e9gr\u00e9e, ce qui en fait un partenaire de confiance pour les lieux \u00e0 forte fr\u00e9quentation.<\/p>\n<\/div><figure class=\"wp-block-media-text__media\"><img loading=\"lazy\" decoding=\"async\" width=\"1024\" height=\"1020\" src=\"https:\/\/3ddesigndiffusion.fr\/wp-content\/uploads\/2025\/06\/Screenshot_20250625-152634-1-1024x1020.png\" alt=\"\" class=\"wp-image-90 size-full\" srcset=\"https:\/\/3ddesigndiffusion.fr\/wp-content\/uploads\/2025\/06\/Screenshot_20250625-152634-1-1024x1020.png 1024w, https:\/\/3ddesigndiffusion.fr\/wp-content\/uploads\/2025\/06\/Screenshot_20250625-152634-1-300x300.png 300w, https:\/\/3ddesigndiffusion.fr\/wp-content\/uploads\/2025\/06\/Screenshot_20250625-152634-1-150x150.png 150w, https:\/\/3ddesigndiffusion.fr\/wp-content\/uploads\/2025\/06\/Screenshot_20250625-152634-1-768x765.png 768w, https:\/\/3ddesigndiffusion.fr\/wp-content\/uploads\/2025\/06\/Screenshot_20250625-152634-1.png 1080w\" sizes=\"auto, (max-width: 1024px) 100vw, 1024px\" \/><\/figure><\/div>\n\n\n\n<div class=\"wp-block-media-text is-stacked-on-mobile has-palette-color-5-background-color has-background\"><figure class=\"wp-block-media-text__media\"><img loading=\"lazy\" decoding=\"async\" width=\"1024\" height=\"1012\" src=\"https:\/\/3ddesigndiffusion.fr\/wp-content\/uploads\/2025\/06\/Screenshot_20250625-155801-1024x1012.png\" alt=\"\" class=\"wp-image-79 size-full\" srcset=\"https:\/\/3ddesigndiffusion.fr\/wp-content\/uploads\/2025\/06\/Screenshot_20250625-155801-1024x1012.png 1024w, https:\/\/3ddesigndiffusion.fr\/wp-content\/uploads\/2025\/06\/Screenshot_20250625-155801-300x296.png 300w, https:\/\/3ddesigndiffusion.fr\/wp-content\/uploads\/2025\/06\/Screenshot_20250625-155801-768x759.png 768w, https:\/\/3ddesigndiffusion.fr\/wp-content\/uploads\/2025\/06\/Screenshot_20250625-155801.png 1076w\" sizes=\"auto, (max-width: 1024px) 100vw, 1024px\" \/><\/figure><div class=\"wp-block-media-text__content\">\n<h2 class=\"wp-block-heading\">\u25aa\ufe0fTM LEADER CONTRACT<\/h2>\n\n\n\n<p>Fabricant espagnol historique du secteur h\u00f4tellerie-restauration.<br><strong>+<\/strong> Son point fort : <strong>une sp\u00e9cialisation unique dans les r\u00e9sidences h\u00f4teli\u00e8res.<\/strong><\/p>\n\n\n\n<p><br>Depuis plus de 40 ans, TM Leader livre des projets complets. Du mobilier standard au 100 % sur mesure, avec une attention particuli\u00e8re port\u00e9e \u00e0 l\u2019ambiance, la fonctionnalit\u00e9 et la durabilit\u00e9.<\/p>\n<\/div><\/div>\n\n\n\n<div class=\"wp-block-media-text has-media-on-the-right is-stacked-on-mobile has-palette-color-5-background-color has-background\"><div class=\"wp-block-media-text__content\">\n<h2 class=\"wp-block-heading\">\u25aa\ufe0fONE TO ONE OBJECT &#8211; CHAISE OTO<\/h2>\n\n\n\n<p>OTO est le premier produit de la marque italienne. Elle incarne une nouvelle g\u00e9n\u00e9ration de mobilier : monomati\u00e8re, plastique recycl\u00e9 post industriel, production optimis\u00e9e&#8230;<\/p>\n\n\n\n<p>+ Ce qui la rend unique : sa d\u00e9marche engag\u00e9e en faveur d&rsquo;un <strong>mobilier 100% circulaire<\/strong>.<\/p>\n\n\n\n<p>OTO s\u00e9duit par son design. Elle s\u2019int\u00e8gre aussi bien dans les projets r\u00e9sidentiels que professionnels et convient \u00e0 un usage int\u00e9rieur comme ext\u00e9rieur.<\/p>\n<\/div><figure class=\"wp-block-media-text__media\"><img loading=\"lazy\" decoding=\"async\" width=\"1024\" height=\"990\" src=\"https:\/\/3ddesigndiffusion.fr\/wp-content\/uploads\/2025\/06\/Screenshot_20240117-231114-1024x990.png\" alt=\"\" class=\"wp-image-208 size-full\" srcset=\"https:\/\/3ddesigndiffusion.fr\/wp-content\/uploads\/2025\/06\/Screenshot_20240117-231114-1024x990.png 1024w, https:\/\/3ddesigndiffusion.fr\/wp-content\/uploads\/2025\/06\/Screenshot_20240117-231114-300x290.png 300w, https:\/\/3ddesigndiffusion.fr\/wp-content\/uploads\/2025\/06\/Screenshot_20240117-231114-768x742.png 768w, https:\/\/3ddesigndiffusion.fr\/wp-content\/uploads\/2025\/06\/Screenshot_20240117-231114.png 1080w\" sizes=\"auto, (max-width: 1024px) 100vw, 1024px\" \/><\/figure><\/div>\n\n\n\n<h2 class=\"wp-block-heading\">NEWSLETTER 3D DESIGN &#8211; RECEVOIR LES ACTUALIT\u00c9S DE NOS MARQUES<\/h2>\n\n\n<div class=\"wpforms-container wpforms-container-full wpforms-block wpforms-block-0fa41d13-bd4a-4630-90b4-7788212694f6 wpforms-render-modern\" id=\"wpforms-169\"><form id=\"wpforms-form-169\" class=\"wpforms-validate wpforms-form wpforms-ajax-form\" data-formid=\"169\" method=\"post\" enctype=\"multipart\/form-data\" action=\"\/index.php\/wp-json\/wp\/v2\/pages\/71\" data-token=\"54c20eebb7f171eef12491448c2fd572\" data-token-time=\"1775328816\"><noscript class=\"wpforms-error-noscript\">Veuillez activer JavaScript dans votre navigateur pour remplir ce formulaire.<\/noscript><div id=\"wpforms-error-noscript\" style=\"display: none;\">Veuillez activer JavaScript dans votre navigateur pour remplir ce formulaire.<\/div><div class=\"wpforms-field-container\"><div id=\"wpforms-169-field_1-container\" class=\"wpforms-field wpforms-field-name\" data-field-id=\"1\"><fieldset><legend class=\"wpforms-field-label\">Informations <span class=\"wpforms-required-label\" aria-hidden=\"true\">*<\/span><\/legend><div class=\"wpforms-field-row wpforms-field-medium\"><div class=\"wpforms-field-row-block wpforms-first wpforms-one-half\"><input type=\"text\" id=\"wpforms-169-field_1\" class=\"wpforms-field-name-first wpforms-field-required\" name=\"wpforms[fields][1][first]\" aria-errormessage=\"wpforms-169-field_1-error\" required><label for=\"wpforms-169-field_1\" class=\"wpforms-field-sublabel after\">Pr\u00e9nom<\/label><\/div><div class=\"wpforms-field-row-block wpforms-one-half\"><input type=\"text\" id=\"wpforms-169-field_1-last\" class=\"wpforms-field-name-last wpforms-field-required\" name=\"wpforms[fields][1][last]\" aria-errormessage=\"wpforms-169-field_1-last-error\" required><label for=\"wpforms-169-field_1-last\" class=\"wpforms-field-sublabel after\">Nom<\/label><\/div><\/div><\/fieldset><\/div>\t\t<div id=\"wpforms-169-field_3-container\"\n\t\t\tclass=\"wpforms-field wpforms-field-text\"\n\t\t\tdata-field-type=\"text\"\n\t\t\tdata-field-id=\"3\"\n\t\t\t>\n\t\t\t<label class=\"wpforms-field-label\" for=\"wpforms-169-field_3\" >Email Informations<\/label>\n\t\t\t<input type=\"text\" id=\"wpforms-169-field_3\" class=\"wpforms-field-medium\" name=\"wpforms[fields][3]\" >\n\t\t<\/div>\n\t\t<div id=\"wpforms-169-field_2-container\" class=\"wpforms-field wpforms-field-email\" data-field-id=\"2\"><label class=\"wpforms-field-label\" for=\"wpforms-169-field_2\">Email <span class=\"wpforms-required-label\" aria-hidden=\"true\">*<\/span><\/label><input type=\"email\" id=\"wpforms-169-field_2\" class=\"wpforms-field-medium wpforms-field-required\" name=\"wpforms[fields][2]\" spellcheck=\"false\" aria-errormessage=\"wpforms-169-field_2-error\" required><\/div><script>\n\t\t\t\t( function() {\n\t\t\t\t\tconst style = document.createElement( 'style' );\n\t\t\t\t\tstyle.appendChild( document.createTextNode( '#wpforms-169-field_3-container { position: absolute !important; overflow: hidden !important; display: inline !important; height: 1px !important; width: 1px !important; z-index: -1000 !important; padding: 0 !important; } #wpforms-169-field_3-container input { visibility: hidden; } #wpforms-conversational-form-page #wpforms-169-field_3-container label { counter-increment: none; }' ) );\n\t\t\t\t\tdocument.head.appendChild( style );\n\t\t\t\t\tdocument.currentScript?.remove();\n\t\t\t\t} )();\n\t\t\t<\/script><\/div><!-- .wpforms-field-container --><div class=\"wpforms-submit-container\" ><input type=\"hidden\" name=\"wpforms[id]\" value=\"169\"><input type=\"hidden\" name=\"page_title\" value=\"\"><input type=\"hidden\" name=\"page_url\" value=\"https:\/\/3ddesigndiffusion.fr\/index.php\/wp-json\/wp\/v2\/pages\/71\"><input type=\"hidden\" name=\"url_referer\" value=\"\"><button type=\"submit\" name=\"wpforms[submit]\" id=\"wpforms-submit-169\" class=\"wpforms-submit\" data-alt-text=\"Sending...\" data-submit-text=\"Soumettre\" aria-live=\"assertive\" value=\"wpforms-submit\">Soumettre<\/button><img loading=\"lazy\" decoding=\"async\" src=\"https:\/\/3ddesigndiffusion.fr\/wp-content\/plugins\/wpforms-lite\/assets\/images\/submit-spin.svg\" class=\"wpforms-submit-spinner\" style=\"display: none;\" width=\"26\" height=\"26\" alt=\"Chargement en cours\"><\/div><\/form><\/div>  <!-- .wpforms-container -->","protected":false},"excerpt":{"rendered":"<p>L&rsquo;agence 3D Design Diffusion repr\u00e9sente en France des marques de mobilier professionnel adapt\u00e9es aux secteurs du CHR et des espaces professionnels. \u25aa\ufe0fBK CONTRACT Marque basque espagnole sp\u00e9cialis\u00e9e dans le mobilier de bureau professionnel.+ Son atout diff\u00e9renciant : l\u2019excellence du sur-mesure. BK Contract con\u00e7oit et fabrique des bureaux, tables de r\u00e9union et postes de direction personnalis\u00e9s [&hellip;]<\/p>\n","protected":false},"author":1,"featured_media":0,"parent":0,"menu_order":0,"comment_status":"closed","ping_status":"closed","template":"","meta":{"footnotes":""},"class_list":["post-71","page","type-page","status-publish","hentry"],"blocksy_meta":[],"yoast_head":"<!-- This site is optimized with the Yoast SEO plugin v25.4 - https:\/\/yoast.com\/wordpress\/plugins\/seo\/ -->\n<title>NOS MARQUES DE MOBILIER PROFESSIONNEL - 3D Design Diffusion<\/title>\n<meta name=\"description\" content=\"3D Design diffusion repr\u00e9sente des marques de mobilier professionnel adapt\u00e9es aux secteurs CHR et des espaces professionnels\" \/>\n<meta name=\"robots\" content=\"index, follow, max-snippet:-1, max-image-preview:large, max-video-preview:-1\" \/>\n<link rel=\"canonical\" href=\"https:\/\/3ddesigndiffusion.fr\/index.php\/nos-marques\/\" \/>\n<meta property=\"og:locale\" content=\"fr_FR\" \/>\n<meta property=\"og:type\" content=\"article\" \/>\n<meta property=\"og:title\" content=\"NOS MARQUES DE MOBILIER PROFESSIONNEL - 3D Design Diffusion\" \/>\n<meta property=\"og:description\" content=\"3D Design diffusion repr\u00e9sente des marques de mobilier professionnel adapt\u00e9es aux secteurs CHR et des espaces professionnels\" \/>\n<meta property=\"og:url\" content=\"https:\/\/3ddesigndiffusion.fr\/index.php\/nos-marques\/\" \/>\n<meta property=\"og:site_name\" content=\"3D Design Diffusion\" \/>\n<meta property=\"article:modified_time\" content=\"2025-07-13T21:15:06+00:00\" \/>\n<meta property=\"og:image\" content=\"https:\/\/3ddesigndiffusion.fr\/wp-content\/uploads\/2025\/06\/Screenshot_20250625-163048-3.png\" \/>\n\t<meta property=\"og:image:width\" content=\"1080\" \/>\n\t<meta property=\"og:image:height\" content=\"1074\" \/>\n\t<meta property=\"og:image:type\" content=\"image\/png\" \/>\n<meta name=\"twitter:card\" content=\"summary_large_image\" \/>\n<meta name=\"twitter:label1\" content=\"Dur\u00e9e de lecture estim\u00e9e\" \/>\n\t<meta name=\"twitter:data1\" content=\"3 minutes\" \/>\n<script type=\"application\/ld+json\" class=\"yoast-schema-graph\">{\"@context\":\"https:\/\/schema.org\",\"@graph\":[{\"@type\":\"WebPage\",\"@id\":\"https:\/\/3ddesigndiffusion.fr\/index.php\/nos-marques\/\",\"url\":\"https:\/\/3ddesigndiffusion.fr\/index.php\/nos-marques\/\",\"name\":\"NOS MARQUES DE MOBILIER PROFESSIONNEL - 3D Design Diffusion\",\"isPartOf\":{\"@id\":\"https:\/\/3ddesigndiffusion.fr\/#website\"},\"primaryImageOfPage\":{\"@id\":\"https:\/\/3ddesigndiffusion.fr\/index.php\/nos-marques\/#primaryimage\"},\"image\":{\"@id\":\"https:\/\/3ddesigndiffusion.fr\/index.php\/nos-marques\/#primaryimage\"},\"thumbnailUrl\":\"https:\/\/3ddesigndiffusion.fr\/wp-content\/uploads\/2025\/06\/Screenshot_20250625-163048-3-1024x1018.png\",\"datePublished\":\"2025-06-25T13:04:38+00:00\",\"dateModified\":\"2025-07-13T21:15:06+00:00\",\"description\":\"3D Design diffusion repr\u00e9sente des marques de mobilier professionnel adapt\u00e9es aux secteurs CHR et des espaces professionnels\",\"breadcrumb\":{\"@id\":\"https:\/\/3ddesigndiffusion.fr\/index.php\/nos-marques\/#breadcrumb\"},\"inLanguage\":\"fr-FR\",\"potentialAction\":[{\"@type\":\"ReadAction\",\"target\":[\"https:\/\/3ddesigndiffusion.fr\/index.php\/nos-marques\/\"]}]},{\"@type\":\"ImageObject\",\"inLanguage\":\"fr-FR\",\"@id\":\"https:\/\/3ddesigndiffusion.fr\/index.php\/nos-marques\/#primaryimage\",\"url\":\"https:\/\/3ddesigndiffusion.fr\/wp-content\/uploads\/2025\/06\/Screenshot_20250625-163048-3.png\",\"contentUrl\":\"https:\/\/3ddesigndiffusion.fr\/wp-content\/uploads\/2025\/06\/Screenshot_20250625-163048-3.png\",\"width\":1080,\"height\":1074},{\"@type\":\"BreadcrumbList\",\"@id\":\"https:\/\/3ddesigndiffusion.fr\/index.php\/nos-marques\/#breadcrumb\",\"itemListElement\":[{\"@type\":\"ListItem\",\"position\":1,\"name\":\"Accueil\",\"item\":\"https:\/\/3ddesigndiffusion.fr\/\"},{\"@type\":\"ListItem\",\"position\":2,\"name\":\"NOS MARQUES DE MOBILIER PROFESSIONNEL\"}]},{\"@type\":\"WebSite\",\"@id\":\"https:\/\/3ddesigndiffusion.fr\/#website\",\"url\":\"https:\/\/3ddesigndiffusion.fr\/\",\"name\":\"3D Design Diffusion\",\"description\":\"Agent de marques\",\"publisher\":{\"@id\":\"https:\/\/3ddesigndiffusion.fr\/#organization\"},\"potentialAction\":[{\"@type\":\"SearchAction\",\"target\":{\"@type\":\"EntryPoint\",\"urlTemplate\":\"https:\/\/3ddesigndiffusion.fr\/?s={search_term_string}\"},\"query-input\":{\"@type\":\"PropertyValueSpecification\",\"valueRequired\":true,\"valueName\":\"search_term_string\"}}],\"inLanguage\":\"fr-FR\"},{\"@type\":\"Organization\",\"@id\":\"https:\/\/3ddesigndiffusion.fr\/#organization\",\"name\":\"3D Design Diffusion\",\"url\":\"https:\/\/3ddesigndiffusion.fr\/\",\"logo\":{\"@type\":\"ImageObject\",\"inLanguage\":\"fr-FR\",\"@id\":\"https:\/\/3ddesigndiffusion.fr\/#\/schema\/logo\/image\/\",\"url\":\"https:\/\/3ddesigndiffusion.fr\/wp-content\/uploads\/2025\/06\/fin_entier-scaled.png\",\"contentUrl\":\"https:\/\/3ddesigndiffusion.fr\/wp-content\/uploads\/2025\/06\/fin_entier-scaled.png\",\"width\":2560,\"height\":2548,\"caption\":\"3D Design Diffusion\"},\"image\":{\"@id\":\"https:\/\/3ddesigndiffusion.fr\/#\/schema\/logo\/image\/\"},\"sameAs\":[\"https:\/\/www.linkedin.com\/company\/70474434\/admin\/dashboard\/\",\"https:\/\/www.instagram.com\/3ddesigndiffusion\/\"]}]}<\/script>\n<!-- \/ Yoast SEO plugin. -->","yoast_head_json":{"title":"NOS MARQUES DE MOBILIER PROFESSIONNEL - 3D Design Diffusion","description":"3D Design diffusion repr\u00e9sente des marques de mobilier professionnel adapt\u00e9es aux secteurs CHR et des espaces professionnels","robots":{"index":"index","follow":"follow","max-snippet":"max-snippet:-1","max-image-preview":"max-image-preview:large","max-video-preview":"max-video-preview:-1"},"canonical":"https:\/\/3ddesigndiffusion.fr\/index.php\/nos-marques\/","og_locale":"fr_FR","og_type":"article","og_title":"NOS MARQUES DE MOBILIER PROFESSIONNEL - 3D Design Diffusion","og_description":"3D Design diffusion repr\u00e9sente des marques de mobilier professionnel adapt\u00e9es aux secteurs CHR et des espaces professionnels","og_url":"https:\/\/3ddesigndiffusion.fr\/index.php\/nos-marques\/","og_site_name":"3D Design Diffusion","article_modified_time":"2025-07-13T21:15:06+00:00","og_image":[{"width":1080,"height":1074,"url":"https:\/\/3ddesigndiffusion.fr\/wp-content\/uploads\/2025\/06\/Screenshot_20250625-163048-3.png","type":"image\/png"}],"twitter_card":"summary_large_image","twitter_misc":{"Dur\u00e9e de lecture estim\u00e9e":"3 minutes"},"schema":{"@context":"https:\/\/schema.org","@graph":[{"@type":"WebPage","@id":"https:\/\/3ddesigndiffusion.fr\/index.php\/nos-marques\/","url":"https:\/\/3ddesigndiffusion.fr\/index.php\/nos-marques\/","name":"NOS MARQUES DE MOBILIER PROFESSIONNEL - 3D Design Diffusion","isPartOf":{"@id":"https:\/\/3ddesigndiffusion.fr\/#website"},"primaryImageOfPage":{"@id":"https:\/\/3ddesigndiffusion.fr\/index.php\/nos-marques\/#primaryimage"},"image":{"@id":"https:\/\/3ddesigndiffusion.fr\/index.php\/nos-marques\/#primaryimage"},"thumbnailUrl":"https:\/\/3ddesigndiffusion.fr\/wp-content\/uploads\/2025\/06\/Screenshot_20250625-163048-3-1024x1018.png","datePublished":"2025-06-25T13:04:38+00:00","dateModified":"2025-07-13T21:15:06+00:00","description":"3D Design diffusion repr\u00e9sente des marques de mobilier professionnel adapt\u00e9es aux secteurs CHR et des espaces professionnels","breadcrumb":{"@id":"https:\/\/3ddesigndiffusion.fr\/index.php\/nos-marques\/#breadcrumb"},"inLanguage":"fr-FR","potentialAction":[{"@type":"ReadAction","target":["https:\/\/3ddesigndiffusion.fr\/index.php\/nos-marques\/"]}]},{"@type":"ImageObject","inLanguage":"fr-FR","@id":"https:\/\/3ddesigndiffusion.fr\/index.php\/nos-marques\/#primaryimage","url":"https:\/\/3ddesigndiffusion.fr\/wp-content\/uploads\/2025\/06\/Screenshot_20250625-163048-3.png","contentUrl":"https:\/\/3ddesigndiffusion.fr\/wp-content\/uploads\/2025\/06\/Screenshot_20250625-163048-3.png","width":1080,"height":1074},{"@type":"BreadcrumbList","@id":"https:\/\/3ddesigndiffusion.fr\/index.php\/nos-marques\/#breadcrumb","itemListElement":[{"@type":"ListItem","position":1,"name":"Accueil","item":"https:\/\/3ddesigndiffusion.fr\/"},{"@type":"ListItem","position":2,"name":"NOS MARQUES DE MOBILIER PROFESSIONNEL"}]},{"@type":"WebSite","@id":"https:\/\/3ddesigndiffusion.fr\/#website","url":"https:\/\/3ddesigndiffusion.fr\/","name":"3D Design Diffusion","description":"Agent de marques","publisher":{"@id":"https:\/\/3ddesigndiffusion.fr\/#organization"},"potentialAction":[{"@type":"SearchAction","target":{"@type":"EntryPoint","urlTemplate":"https:\/\/3ddesigndiffusion.fr\/?s={search_term_string}"},"query-input":{"@type":"PropertyValueSpecification","valueRequired":true,"valueName":"search_term_string"}}],"inLanguage":"fr-FR"},{"@type":"Organization","@id":"https:\/\/3ddesigndiffusion.fr\/#organization","name":"3D Design Diffusion","url":"https:\/\/3ddesigndiffusion.fr\/","logo":{"@type":"ImageObject","inLanguage":"fr-FR","@id":"https:\/\/3ddesigndiffusion.fr\/#\/schema\/logo\/image\/","url":"https:\/\/3ddesigndiffusion.fr\/wp-content\/uploads\/2025\/06\/fin_entier-scaled.png","contentUrl":"https:\/\/3ddesigndiffusion.fr\/wp-content\/uploads\/2025\/06\/fin_entier-scaled.png","width":2560,"height":2548,"caption":"3D Design Diffusion"},"image":{"@id":"https:\/\/3ddesigndiffusion.fr\/#\/schema\/logo\/image\/"},"sameAs":["https:\/\/www.linkedin.com\/company\/70474434\/admin\/dashboard\/","https:\/\/www.instagram.com\/3ddesigndiffusion\/"]}]}},"_links":{"self":[{"href":"https:\/\/3ddesigndiffusion.fr\/index.php\/wp-json\/wp\/v2\/pages\/71","targetHints":{"allow":["GET"]}}],"collection":[{"href":"https:\/\/3ddesigndiffusion.fr\/index.php\/wp-json\/wp\/v2\/pages"}],"about":[{"href":"https:\/\/3ddesigndiffusion.fr\/index.php\/wp-json\/wp\/v2\/types\/page"}],"author":[{"embeddable":true,"href":"https:\/\/3ddesigndiffusion.fr\/index.php\/wp-json\/wp\/v2\/users\/1"}],"replies":[{"embeddable":true,"href":"https:\/\/3ddesigndiffusion.fr\/index.php\/wp-json\/wp\/v2\/comments?post=71"}],"version-history":[{"count":10,"href":"https:\/\/3ddesigndiffusion.fr\/index.php\/wp-json\/wp\/v2\/pages\/71\/revisions"}],"predecessor-version":[{"id":236,"href":"https:\/\/3ddesigndiffusion.fr\/index.php\/wp-json\/wp\/v2\/pages\/71\/revisions\/236"}],"wp:attachment":[{"href":"https:\/\/3ddesigndiffusion.fr\/index.php\/wp-json\/wp\/v2\/media?parent=71"}],"curies":[{"name":"wp","href":"https:\/\/api.w.org\/{rel}","templated":true}]}}